{"id":34,"date":"2025-06-01T15:52:15","date_gmt":"2025-06-01T15:52:15","guid":{"rendered":"http:\/\/www.karkitiimi.fi\/?page_id=34"},"modified":"2025-06-01T18:11:52","modified_gmt":"2025-06-01T18:11:52","slug":"galleria","status":"publish","type":"page","link":"http:\/\/www.karkitiimi.fi\/index.php\/etusivu\/galleria\/","title":{"rendered":"Galleria"},"content":{"rendered":"\n<p class=\"has-text-align-left has-large-font-size\" style=\"margin-top:var(--wp--preset--spacing--30);margin-right:var(--wp--preset--spacing--20);margin-bottom:var(--wp--preset--spacing--30);margin-left:var(--wp--preset--spacing--20);padding-top:var(--wp--preset--spacing--20);padding-right:var(--wp--preset--spacing--40);padding-bottom:var(--wp--preset--spacing--20);padding-left:var(--wp--preset--spacing--40)\">T\u00e4\u00e4ll\u00e4 voit tutustua joihinkin kohteisiin, joissa olemme suorittaneet remonttia<\/p>\n\n\n\n<div class=\"wp-block-group has-global-padding is-content-justification-left is-layout-constrained wp-container-core-group-is-layout-12dd3699 wp-block-group-is-layout-constrained\">\n<p class=\"has-small-font-size\">Rivitaloasunnon pintojen p\u00e4ivityst\u00e4. Uusittiin lattiat eteiseen, vaatehuoneeseen ja makuuhuoneeseen. Samalla listoitettiin n\u00e4m\u00e4 tilat uudestaan.<\/p>\n\n\n\n<figure class=\"wp-block-gallery has-nested-images columns-4 is-cropped wp-block-gallery-1 is-layout-flex wp-block-gallery-is-layout-flex\" style=\"border-style:none;border-width:0px;border-radius:0px\">\n<figure class=\"wp-block-image size-medium\"><img fetchpriority=\"high\" decoding=\"async\" width=\"225\" height=\"300\" data-id=\"41\" src=\"http:\/\/www.karkitiimi.fi\/wp-content\/uploads\/2025\/06\/Eteinen-ennen-1-225x300.jpg\" alt=\"\" class=\"wp-image-41\" srcset=\"http:\/\/www.karkitiimi.fi\/wp-content\/uploads\/2025\/06\/Eteinen-ennen-1-225x300.jpg 225w, http:\/\/www.karkitiimi.fi\/wp-content\/uploads\/2025\/06\/Eteinen-ennen-1-768x1024.jpg 768w, http:\/\/www.karkitiimi.fi\/wp-content\/uploads\/2025\/06\/Eteinen-ennen-1-1152x1536.jpg 1152w, http:\/\/www.karkitiimi.fi\/wp-content\/uploads\/2025\/06\/Eteinen-ennen-1-1536x2048.jpg 1536w, http:\/\/www.karkitiimi.fi\/wp-content\/uploads\/2025\/06\/Eteinen-ennen-1-scaled.jpg 1920w\" sizes=\"(max-width: 225px) 100vw, 225px\" \/><\/figure>\n\n\n\n<figure class=\"wp-block-image size-medium\"><img decoding=\"async\" width=\"300\" height=\"225\" data-id=\"40\" src=\"http:\/\/www.karkitiimi.fi\/wp-content\/uploads\/2025\/06\/Eteinen-jalkeen-1-300x225.jpg\" alt=\"\" class=\"wp-image-40\" srcset=\"http:\/\/www.karkitiimi.fi\/wp-content\/uploads\/2025\/06\/Eteinen-jalkeen-1-300x225.jpg 300w, http:\/\/www.karkitiimi.fi\/wp-content\/uploads\/2025\/06\/Eteinen-jalkeen-1-1024x768.jpg 1024w, http:\/\/www.karkitiimi.fi\/wp-content\/uploads\/2025\/06\/Eteinen-jalkeen-1-768x576.jpg 768w, http:\/\/www.karkitiimi.fi\/wp-content\/uploads\/2025\/06\/Eteinen-jalkeen-1-1536x1152.jpg 1536w, http:\/\/www.karkitiimi.fi\/wp-content\/uploads\/2025\/06\/Eteinen-jalkeen-1-2048x1536.jpg 2048w\" sizes=\"(max-width: 300px) 100vw, 300px\" \/><\/figure>\n\n\n\n<figure class=\"wp-block-image size-medium\"><img decoding=\"async\" width=\"300\" height=\"225\" data-id=\"39\" src=\"http:\/\/www.karkitiimi.fi\/wp-content\/uploads\/2025\/06\/MH-ennen-300x225.jpg\" alt=\"\" class=\"wp-image-39\" srcset=\"http:\/\/www.karkitiimi.fi\/wp-content\/uploads\/2025\/06\/MH-ennen-300x225.jpg 300w, http:\/\/www.karkitiimi.fi\/wp-content\/uploads\/2025\/06\/MH-ennen-1024x768.jpg 1024w, http:\/\/www.karkitiimi.fi\/wp-content\/uploads\/2025\/06\/MH-ennen-768x576.jpg 768w, http:\/\/www.karkitiimi.fi\/wp-content\/uploads\/2025\/06\/MH-ennen-1536x1152.jpg 1536w, http:\/\/www.karkitiimi.fi\/wp-content\/uploads\/2025\/06\/MH-ennen-2048x1536.jpg 2048w\" sizes=\"(max-width: 300px) 100vw, 300px\" \/><\/figure>\n\n\n\n<figure class=\"wp-block-image size-medium\"><img loading=\"lazy\" decoding=\"async\" width=\"300\" height=\"225\" data-id=\"38\" src=\"http:\/\/www.karkitiimi.fi\/wp-content\/uploads\/2025\/06\/MH-jalkeen-1-300x225.jpg\" alt=\"\" class=\"wp-image-38\" srcset=\"http:\/\/www.karkitiimi.fi\/wp-content\/uploads\/2025\/06\/MH-jalkeen-1-300x225.jpg 300w, http:\/\/www.karkitiimi.fi\/wp-content\/uploads\/2025\/06\/MH-jalkeen-1-1024x768.jpg 1024w, http:\/\/www.karkitiimi.fi\/wp-content\/uploads\/2025\/06\/MH-jalkeen-1-768x576.jpg 768w, http:\/\/www.karkitiimi.fi\/wp-content\/uploads\/2025\/06\/MH-jalkeen-1-1536x1152.jpg 1536w, http:\/\/www.karkitiimi.fi\/wp-content\/uploads\/2025\/06\/MH-jalkeen-1-2048x1536.jpg 2048w\" sizes=\"(max-width: 300px) 100vw, 300px\" \/><\/figure>\n<\/figure>\n\n\n\n<div class=\"wp-block-columns is-layout-flex wp-container-core-columns-is-layout-28f84493 wp-block-columns-is-layout-flex\">\n<div class=\"wp-block-column is-layout-flow wp-block-column-is-layout-flow\" style=\"flex-basis:100%\">\n<p class=\"has-small-font-size\">Omakotitalon pintaremonttia. Keitti\u00f6n, olohuoneen ja eteisen lattiat ja listat uusittiin. Samalla tapetoitiin ja maalattiin seini\u00e4.<\/p>\n<\/div>\n<\/div>\n<\/div>\n\n\n\n<figure class=\"wp-block-gallery has-nested-images columns-4 is-cropped wp-block-gallery-2 is-layout-flex wp-block-gallery-is-layout-flex\" style=\"border-style:none;border-width:0px;border-radius:0px\">\n<figure class=\"wp-block-image size-medium\"><img loading=\"lazy\" decoding=\"async\" width=\"300\" height=\"225\" data-id=\"49\" src=\"http:\/\/www.karkitiimi.fi\/wp-content\/uploads\/2025\/06\/IMG_0177-300x225.jpg\" alt=\"\" class=\"wp-image-49\" srcset=\"http:\/\/www.karkitiimi.fi\/wp-content\/uploads\/2025\/06\/IMG_0177-300x225.jpg 300w, http:\/\/www.karkitiimi.fi\/wp-content\/uploads\/2025\/06\/IMG_0177-1024x768.jpg 1024w, http:\/\/www.karkitiimi.fi\/wp-content\/uploads\/2025\/06\/IMG_0177-768x576.jpg 768w, http:\/\/www.karkitiimi.fi\/wp-content\/uploads\/2025\/06\/IMG_0177-1536x1152.jpg 1536w, http:\/\/www.karkitiimi.fi\/wp-content\/uploads\/2025\/06\/IMG_0177-2048x1536.jpg 2048w\" sizes=\"(max-width: 300px) 100vw, 300px\" \/><\/figure>\n\n\n\n<figure class=\"wp-block-image size-medium\"><img loading=\"lazy\" decoding=\"async\" width=\"225\" height=\"300\" data-id=\"48\" src=\"http:\/\/www.karkitiimi.fi\/wp-content\/uploads\/2025\/06\/IMG_0173-225x300.jpg\" alt=\"\" class=\"wp-image-48\" srcset=\"http:\/\/www.karkitiimi.fi\/wp-content\/uploads\/2025\/06\/IMG_0173-225x300.jpg 225w, http:\/\/www.karkitiimi.fi\/wp-content\/uploads\/2025\/06\/IMG_0173-768x1024.jpg 768w, http:\/\/www.karkitiimi.fi\/wp-content\/uploads\/2025\/06\/IMG_0173-1152x1536.jpg 1152w, http:\/\/www.karkitiimi.fi\/wp-content\/uploads\/2025\/06\/IMG_0173-1536x2048.jpg 1536w, http:\/\/www.karkitiimi.fi\/wp-content\/uploads\/2025\/06\/IMG_0173-scaled.jpg 1920w\" sizes=\"(max-width: 225px) 100vw, 225px\" \/><\/figure>\n\n\n\n<figure class=\"wp-block-image size-medium\"><img loading=\"lazy\" decoding=\"async\" width=\"300\" height=\"225\" data-id=\"47\" src=\"http:\/\/www.karkitiimi.fi\/wp-content\/uploads\/2025\/06\/IMG_0166-300x225.jpg\" alt=\"\" class=\"wp-image-47\" srcset=\"http:\/\/www.karkitiimi.fi\/wp-content\/uploads\/2025\/06\/IMG_0166-300x225.jpg 300w, http:\/\/www.karkitiimi.fi\/wp-content\/uploads\/2025\/06\/IMG_0166-1024x768.jpg 1024w, http:\/\/www.karkitiimi.fi\/wp-content\/uploads\/2025\/06\/IMG_0166-768x576.jpg 768w, http:\/\/www.karkitiimi.fi\/wp-content\/uploads\/2025\/06\/IMG_0166-1536x1152.jpg 1536w, http:\/\/www.karkitiimi.fi\/wp-content\/uploads\/2025\/06\/IMG_0166-2048x1536.jpg 2048w\" sizes=\"(max-width: 300px) 100vw, 300px\" \/><\/figure>\n\n\n\n<figure class=\"wp-block-image size-medium\"><img loading=\"lazy\" decoding=\"async\" width=\"300\" height=\"225\" data-id=\"46\" src=\"http:\/\/www.karkitiimi.fi\/wp-content\/uploads\/2025\/06\/IMG_0165-300x225.jpg\" alt=\"\" class=\"wp-image-46\" srcset=\"http:\/\/www.karkitiimi.fi\/wp-content\/uploads\/2025\/06\/IMG_0165-300x225.jpg 300w, http:\/\/www.karkitiimi.fi\/wp-content\/uploads\/2025\/06\/IMG_0165-1024x768.jpg 1024w, http:\/\/www.karkitiimi.fi\/wp-content\/uploads\/2025\/06\/IMG_0165-768x576.jpg 768w, http:\/\/www.karkitiimi.fi\/wp-content\/uploads\/2025\/06\/IMG_0165-1536x1152.jpg 1536w, http:\/\/www.karkitiimi.fi\/wp-content\/uploads\/2025\/06\/IMG_0165-2048x1536.jpg 2048w\" sizes=\"(max-width: 300px) 100vw, 300px\" \/><\/figure>\n<\/figure>\n","protected":false},"excerpt":{"rendered":"<p>T\u00e4\u00e4ll\u00e4 voit tutustua joihinkin kohteisiin, joissa olemme suorittaneet remonttia Rivitaloasunnon pintojen p\u00e4ivityst\u00e4. Uusittiin lattiat eteiseen, vaatehuoneeseen ja makuuhuoneeseen. Samalla listoitettiin n\u00e4m\u00e4 tilat uudestaan. Omakotitalon pintaremonttia. Keitti\u00f6n, olohuoneen ja eteisen lattiat ja listat uusittiin. Samalla tapetoitiin ja maalattiin seini\u00e4.<\/p>\n","protected":false},"author":1,"featured_media":0,"parent":7,"menu_order":0,"comment_status":"closed","ping_status":"closed","template":"","meta":{"footnotes":""},"class_list":["post-34","page","type-page","status-publish","hentry"],"_links":{"self":[{"href":"http:\/\/www.karkitiimi.fi\/index.php\/wp-json\/wp\/v2\/pages\/34","targetHints":{"allow":["GET"]}}],"collection":[{"href":"http:\/\/www.karkitiimi.fi\/index.php\/wp-json\/wp\/v2\/pages"}],"about":[{"href":"http:\/\/www.karkitiimi.fi\/index.php\/wp-json\/wp\/v2\/types\/page"}],"author":[{"embeddable":true,"href":"http:\/\/www.karkitiimi.fi\/index.php\/wp-json\/wp\/v2\/users\/1"}],"replies":[{"embeddable":true,"href":"http:\/\/www.karkitiimi.fi\/index.php\/wp-json\/wp\/v2\/comments?post=34"}],"version-history":[{"count":9,"href":"http:\/\/www.karkitiimi.fi\/index.php\/wp-json\/wp\/v2\/pages\/34\/revisions"}],"predecessor-version":[{"id":142,"href":"http:\/\/www.karkitiimi.fi\/index.php\/wp-json\/wp\/v2\/pages\/34\/revisions\/142"}],"up":[{"embeddable":true,"href":"http:\/\/www.karkitiimi.fi\/index.php\/wp-json\/wp\/v2\/pages\/7"}],"wp:attachment":[{"href":"http:\/\/www.karkitiimi.fi\/index.php\/wp-json\/wp\/v2\/media?parent=34"}],"curies":[{"name":"wp","href":"https:\/\/api.w.org\/{rel}","templated":true}]}}